{"id":102,"date":"2023-04-12T08:01:25","date_gmt":"2023-04-12T08:01:25","guid":{"rendered":"https:\/\/sara-on-tour.ch\/?page_id=102"},"modified":"2026-02-14T17:08:54","modified_gmt":"2026-02-14T16:08:54","slug":"about-me","status":"publish","type":"page","link":"https:\/\/sara-on-tour.ch\/?page_id=102","title":{"rendered":"About me"},"content":{"rendered":"\n<div class=\"wp-block-columns is-layout-flex wp-container-core-columns-is-layout-9d6595d7 wp-block-columns-is-layout-flex\">\n<div class=\"wp-block-column is-layout-flow wp-block-column-is-layout-flow\">\n<figure class=\"wp-block-image size-large\"><img fetchpriority=\"high\" decoding=\"async\" width=\"768\" height=\"1024\" src=\"https:\/\/sara-on-tour.ch\/wp-content\/uploads\/2023\/04\/IMG-20220805-WA0033-1-768x1024.jpg\" alt=\"\" class=\"wp-image-103\" srcset=\"https:\/\/sara-on-tour.ch\/wp-content\/uploads\/2023\/04\/IMG-20220805-WA0033-1-768x1024.jpg 768w, https:\/\/sara-on-tour.ch\/wp-content\/uploads\/2023\/04\/IMG-20220805-WA0033-1-225x300.jpg 225w, https:\/\/sara-on-tour.ch\/wp-content\/uploads\/2023\/04\/IMG-20220805-WA0033-1-1152x1536.jpg 1152w, https:\/\/sara-on-tour.ch\/wp-content\/uploads\/2023\/04\/IMG-20220805-WA0033-1-300x400.jpg 300w, https:\/\/sara-on-tour.ch\/wp-content\/uploads\/2023\/04\/IMG-20220805-WA0033-1-850x1133.jpg 850w, https:\/\/sara-on-tour.ch\/wp-content\/uploads\/2023\/04\/IMG-20220805-WA0033-1.jpg 1536w\" sizes=\"(max-width: 768px) 100vw, 768px\" \/><\/figure>\n<\/div>\n\n\n\n<div class=\"wp-block-column is-layout-flow wp-block-column-is-layout-flow\">\n<figure class=\"wp-block-image size-large\"><img decoding=\"async\" width=\"768\" height=\"1024\" src=\"https:\/\/sara-on-tour.ch\/wp-content\/uploads\/2023\/04\/IMG-20220805-WA0032-768x1024.jpg\" alt=\"\" class=\"wp-image-42\" srcset=\"https:\/\/sara-on-tour.ch\/wp-content\/uploads\/2023\/04\/IMG-20220805-WA0032-768x1024.jpg 768w, https:\/\/sara-on-tour.ch\/wp-content\/uploads\/2023\/04\/IMG-20220805-WA0032-225x300.jpg 225w, https:\/\/sara-on-tour.ch\/wp-content\/uploads\/2023\/04\/IMG-20220805-WA0032-1152x1536.jpg 1152w, https:\/\/sara-on-tour.ch\/wp-content\/uploads\/2023\/04\/IMG-20220805-WA0032.jpg 1536w\" sizes=\"(max-width: 768px) 100vw, 768px\" \/><\/figure>\n<\/div>\n\n\n\n<div class=\"wp-block-column is-layout-flow wp-block-column-is-layout-flow\">\n<figure class=\"wp-block-image size-large\"><img decoding=\"async\" width=\"768\" height=\"1024\" src=\"https:\/\/sara-on-tour.ch\/wp-content\/uploads\/2023\/04\/IMG-20220805-WA0031-768x1024.jpg\" alt=\"\" class=\"wp-image-104\" srcset=\"https:\/\/sara-on-tour.ch\/wp-content\/uploads\/2023\/04\/IMG-20220805-WA0031-768x1024.jpg 768w, https:\/\/sara-on-tour.ch\/wp-content\/uploads\/2023\/04\/IMG-20220805-WA0031-225x300.jpg 225w, https:\/\/sara-on-tour.ch\/wp-content\/uploads\/2023\/04\/IMG-20220805-WA0031-1152x1536.jpg 1152w, https:\/\/sara-on-tour.ch\/wp-content\/uploads\/2023\/04\/IMG-20220805-WA0031-300x400.jpg 300w, https:\/\/sara-on-tour.ch\/wp-content\/uploads\/2023\/04\/IMG-20220805-WA0031-850x1133.jpg 850w, https:\/\/sara-on-tour.ch\/wp-content\/uploads\/2023\/04\/IMG-20220805-WA0031.jpg 1536w\" sizes=\"(max-width: 768px) 100vw, 768px\" \/><\/figure>\n<\/div>\n<\/div>\n\n\n\n<p>Dieser Blog ist mein Versuch, Erlebnisse nicht einfach vorbeiziehen zu lassen. Ich m\u00f6chte Geschichten, Erfahrungen und Erinnerungen festhalten \u2013 und sie mit euch teilen. Schon immer habe ich es geliebt, Reiseberichte von anderen zu lesen oder Fotos anzuschauen und mir vorzustellen, wie es sich wohl anf\u00fchlt, genau dort zu stehen. Irgendwie entsteht dadurch eine Verbindung \u2013 auch wenn man selbst gar nicht vor Ort ist.<\/p>\n\n\n\n<p>F\u00fcr mich bedeutet Schreiben, Momente einzufangen, bevor sie verblassen. Denn seien wir ehrlich: So vieles vergisst man schneller, als man denkt. Wenn man Jahre sp\u00e4ter wieder dar\u00fcber liest, f\u00fchlt es sich an, als w\u00fcrde man ein kleines St\u00fcck noch einmal erleben.<\/p>\n\n\n\n<p>Als Kind war Schreiben allerdings alles andere als meine Leidenschaft. Aufs\u00e4tze in der Schule? Eher m\u00fchsam. Erst w\u00e4hrend meiner Ausbildung hat sich das ver\u00e4ndert. Pl\u00f6tzlich merkte ich, dass Worte ein Ventil sein k\u00f6nnen. Seitdem schreibe ich immer wieder \u2013 mal mehr, mal weniger regelm\u00e4ssig. Kein typisches Tagebuch, eher eine Sammlung von Momenten. Manche Wochen sind voller Seiten, andere Monate bestehen nur aus ein paar Zeilen. Aber genau das mag ich daran: Es ist ehrlich und ungezwungen.<\/p>\n\n\n\n<p>Ich heisse Sara, bin 23 Jahre alt und schon lange neugierig auf die Welt. Andere Kulturen, neue Perspektiven, unbekannte Orte \u2013 das hat mich schon immer mehr gereizt als ein perfekter \u201eAll Inclusive\u201c-Urlaub. Versteht mich nicht falsch: Am Strand liegen kann wundersch\u00f6n sein. Aber nur liegen? Das reicht mir irgendwie nicht. Ich m\u00f6chte verstehen, entdecken, f\u00fchlen.<\/p>\n\n\n\n<p>2023 habe ich relativ spontan beschlossen, mir eine Auszeit zu nehmen. Keine bis ins Detail durchgeplante Weltreise \u2013 eher ein \u201eIch mach das jetzt einfach\u201c. 25 Tage sp\u00e4ter sass ich im Flugzeug nach Bali. Mein erstes Backpacking-Abenteuer. Mit klopfendem Herzen, viel Vorfreude und diesem besonderen Gef\u00fchl zwischen \u201eWas mache ich hier eigentlich?\u201c und \u201eGenau hier will ich sein\u201c.<\/p>\n\n\n\n<p>Und vielleicht ist genau dieses Gef\u00fchl der Grund, warum es diesen Blog gibt.<br><br><\/p>\n","protected":false},"excerpt":{"rendered":"<p>Dieser Blog ist mein Versuch, Erlebnisse nicht einfach vorbeiziehen zu lassen. Ich m\u00f6chte Geschichten, Erfahrungen und Erinnerungen festhalten \u2013 und sie mit euch teilen. Schon immer habe ich es geliebt, Reiseberichte von anderen zu lesen oder Fotos anzuschauen und mir vorzustellen, wie es sich wohl anf\u00fchlt, genau dort zu stehen&#8230;.<\/p>\n","protected":false},"author":1,"featured_media":0,"parent":0,"menu_order":0,"comment_status":"closed","ping_status":"closed","template":"","meta":{"footnotes":""},"class_list":["post-102","page","type-page","status-publish","hentry"],"_links":{"self":[{"href":"https:\/\/sara-on-tour.ch\/index.php?rest_route=\/wp\/v2\/pages\/102","targetHints":{"allow":["GET"]}}],"collection":[{"href":"https:\/\/sara-on-tour.ch\/index.php?rest_route=\/wp\/v2\/pages"}],"about":[{"href":"https:\/\/sara-on-tour.ch\/index.php?rest_route=\/wp\/v2\/types\/page"}],"author":[{"embeddable":true,"href":"https:\/\/sara-on-tour.ch\/index.php?rest_route=\/wp\/v2\/users\/1"}],"replies":[{"embeddable":true,"href":"https:\/\/sara-on-tour.ch\/index.php?rest_route=%2Fwp%2Fv2%2Fcomments&post=102"}],"version-history":[{"count":22,"href":"https:\/\/sara-on-tour.ch\/index.php?rest_route=\/wp\/v2\/pages\/102\/revisions"}],"predecessor-version":[{"id":847,"href":"https:\/\/sara-on-tour.ch\/index.php?rest_route=\/wp\/v2\/pages\/102\/revisions\/847"}],"wp:attachment":[{"href":"https:\/\/sara-on-tour.ch\/index.php?rest_route=%2Fwp%2Fv2%2Fmedia&parent=102"}],"curies":[{"name":"wp","href":"https:\/\/api.w.org\/{rel}","templated":true}]}}